{"id":32758,"date":"2026-02-12T10:21:11","date_gmt":"2026-02-12T09:21:11","guid":{"rendered":"https:\/\/www.jes-stuttgart.de\/schone-aussicht-festival-2026\/jugendtheaterpreis\/"},"modified":"2026-04-14T11:05:53","modified_gmt":"2026-04-14T09:05:53","slug":"jugendtheaterpreis","status":"publish","type":"page","link":"https:\/\/www.jes-stuttgart.de\/en\/schone-aussicht-festival-2026\/jugendtheaterpreis\/","title":{"rendered":"Jugendtheaterpreis"},"content":{"rendered":"\n<div class=\"wp-block-cover is-light\"><img loading=\"lazy\" decoding=\"async\" width=\"320\" height=\"1280\" class=\"wp-block-cover__image-background wp-image-33148 size-full\" alt=\"\" src=\"https:\/\/www.jes-stuttgart.de\/wp-content\/uploads\/260305-schoeneaussicht-mobile-hintergrund-320x1280-1.png\" style=\"object-position:47% 42%\" data-object-fit=\"cover\" data-object-position=\"47% 42%\" srcset=\"https:\/\/www.jes-stuttgart.de\/wp-content\/uploads\/260305-schoeneaussicht-mobile-hintergrund-320x1280-1.png 320w, https:\/\/www.jes-stuttgart.de\/wp-content\/uploads\/260305-schoeneaussicht-mobile-hintergrund-320x1280-1-50x200.png 50w\" sizes=\"auto, (max-width: 320px) 100vw, 320px\" \/><span aria-hidden=\"true\" class=\"wp-block-cover__background has-background-dim-0 has-background-dim\" style=\"background-color:#d7e6e2\"><\/span><div class=\"wp-block-cover__inner-container is-layout-constrained wp-block-cover-is-layout-constrained\">\n<div class=\"wp-block-cover is-light\"><span aria-hidden=\"true\" class=\"wp-block-cover__background has-white-background-color has-background-dim\"><\/span><div class=\"wp-block-cover__inner-container is-layout-constrained wp-block-cover-is-layout-constrained\">\n<div class=\"wp-block-columns is-layout-flex wp-container-core-columns-is-layout-28f84493 wp-block-columns-is-layout-flex\">\n<div class=\"wp-block-column is-layout-flow wp-block-column-is-layout-flow\" style=\"flex-basis:66.66%\">\n<h2 class=\"wp-block-heading has-text-align-left has-x-large-font-size\"><a href=\"https:\/\/www.jugendtheater-bw.de\/jugendtheaterpreis\/\" data-type=\"link\" data-id=\"https:\/\/www.jugendtheater-bw.de\/jugendtheaterpreis\/\"><strong>Jugendtheaterpreis Baden-W\u00fcrttemberg<\/strong><\/a><\/h2>\n\n\n\n<div style=\"height:20px\" aria-hidden=\"true\" class=\"wp-block-spacer\"><\/div>\n\n\n\n<p class=\"has-text-align-left has-medium-font-size\">The Baden-W\u00fcrttemberg Youth Theatre Prize is traditionally awarded as part of SCH\u00d6NE AUSSICHT. With a total of \u20ac27,500, the prize is one of the most highly endowed playwright prizes in the German-speaking world and includes a main prize, a sponsorship prize and a scholarship for play development with an author. The Youth Theatre Prize is sponsored by the Ministry of Science, Research and the Arts.<br><br><\/p>\n\n\n\n<p class=\"has-text-align-left has-medium-font-size\"><strong>Please register here:&nbsp;<a href=\"mailto:ticket@jes-stuttgart.de\">ticket@jes-stuttgart.de<\/a><\/strong><\/p>\n<\/div>\n\n\n\n<div class=\"wp-block-column is-layout-flow wp-block-column-is-layout-flow\" style=\"flex-basis:33.33%\">\n<div style=\"height:125px\" aria-hidden=\"true\" class=\"wp-block-spacer\"><\/div>\n\n\n\n<figure class=\"wp-block-image size-full\"><img loading=\"lazy\" decoding=\"async\" width=\"1920\" height=\"1281\" src=\"https:\/\/www.jes-stuttgart.de\/wp-content\/uploads\/schone-aussichten-12062024-1229.jpg\" alt=\"\" class=\"wp-image-34426\" srcset=\"https:\/\/www.jes-stuttgart.de\/wp-content\/uploads\/schone-aussichten-12062024-1229.jpg 1920w, https:\/\/www.jes-stuttgart.de\/wp-content\/uploads\/schone-aussichten-12062024-1229-1280x854.jpg 1280w, https:\/\/www.jes-stuttgart.de\/wp-content\/uploads\/schone-aussichten-12062024-1229-200x133.jpg 200w, https:\/\/www.jes-stuttgart.de\/wp-content\/uploads\/schone-aussichten-12062024-1229-768x512.jpg 768w, https:\/\/www.jes-stuttgart.de\/wp-content\/uploads\/schone-aussichten-12062024-1229-1536x1025.jpg 1536w, https:\/\/www.jes-stuttgart.de\/wp-content\/uploads\/schone-aussichten-12062024-1229-1440x961.jpg 1440w, https:\/\/www.jes-stuttgart.de\/wp-content\/uploads\/schone-aussichten-12062024-1229-1024x683.jpg 1024w, https:\/\/www.jes-stuttgart.de\/wp-content\/uploads\/schone-aussichten-12062024-1229-640x427.jpg 640w, https:\/\/www.jes-stuttgart.de\/wp-content\/uploads\/schone-aussichten-12062024-1229-320x214.jpg 320w\" sizes=\"auto, (max-width: 1920px) 100vw, 1920px\" \/><\/figure>\n\n\n\n<p><strong>Jugendtheaterpreis 2024<\/strong> Photo: Domenique Brewing<\/p>\n<\/div>\n<\/div>\n\n\n\n<div class=\"wp-block-group is-vertical is-layout-flex wp-container-core-group-is-layout-fe9cc265 wp-block-group-is-layout-flex\">\n<p class=\"has-large-font-size\"><strong>The winners of the 2026 Baden-W\u00fcrttemberg Youth Theatre Prize have been announced:<\/strong><\/p>\n\n\n\n<div class=\"wp-block-group is-vertical is-content-justification-left is-nowrap is-layout-flex wp-container-core-group-is-layout-b9305f23 wp-block-group-is-layout-flex\">\n<p class=\"has-medium-font-size\">Sergej G\u00f6\u00dfner has been awarded the 2026 Baden-W\u00fcrttemberg Youth Theatre Prize for \u201cich sehe was \/ was du nicht siehst.\u201d The sponsorship prize goes to Leah Luna Winzely (\u201cDer Wassermann\u201d), and the scholarship goes to Kai Bosch and the Junges Ensemble Stuttgart (JES) for \u201c10 von 10.\u201d<br><br>With a total of \u20ac27,500, the prize is one of the most highly endowed playwright prizes in the German-speaking world. The Youth Theatre Prize is sponsored by the Ministry of Science, Research and the Arts, and is open for submissions every two years.<br><br>The selection was made by a jury of experts comprising representatives from the member theaters of the Arbeitskreis Junges Theater Baden-W\u00fcrttemberg, as well as external experts. Around 100 plays were submitted. In addition to the winners, the jury compiled a longlist for the first time this year featuring plays it deemed particularly noteworthy. The award ceremony will take place on May 19, 2026, as part of the international children\u2019s and youth theater festival \u201cSCH\u00d6NE AUSSICHT\u201d at the Junges Ensemble Stuttgart.<\/p>\n\n\n\n<div class=\"wp-block-group is-nowrap is-layout-flex wp-container-core-group-is-layout-6c531013 wp-block-group-is-layout-flex\">\n<div class=\"wp-block-group is-vertical is-layout-flex wp-container-core-group-is-layout-fe9cc265 wp-block-group-is-layout-flex\">\n<figure class=\"wp-block-image size-full\"><img loading=\"lazy\" decoding=\"async\" width=\"1137\" height=\"853\" src=\"https:\/\/www.jes-stuttgart.de\/wp-content\/uploads\/jugendtheaterpreis-2026-sergej-gossner-c-magdalena-hofner-1-edited.jpg\" alt=\"\" class=\"wp-image-34573\" srcset=\"https:\/\/www.jes-stuttgart.de\/wp-content\/uploads\/jugendtheaterpreis-2026-sergej-gossner-c-magdalena-hofner-1-edited.jpg 1137w, https:\/\/www.jes-stuttgart.de\/wp-content\/uploads\/jugendtheaterpreis-2026-sergej-gossner-c-magdalena-hofner-1-edited-200x150.jpg 200w, https:\/\/www.jes-stuttgart.de\/wp-content\/uploads\/jugendtheaterpreis-2026-sergej-gossner-c-magdalena-hofner-1-edited-768x576.jpg 768w, https:\/\/www.jes-stuttgart.de\/wp-content\/uploads\/jugendtheaterpreis-2026-sergej-gossner-c-magdalena-hofner-1-edited-1024x768.jpg 1024w, https:\/\/www.jes-stuttgart.de\/wp-content\/uploads\/jugendtheaterpreis-2026-sergej-gossner-c-magdalena-hofner-1-edited-640x480.jpg 640w, https:\/\/www.jes-stuttgart.de\/wp-content\/uploads\/jugendtheaterpreis-2026-sergej-gossner-c-magdalena-hofner-1-edited-320x240.jpg 320w\" sizes=\"auto, (max-width: 1137px) 100vw, 1137px\" \/><\/figure>\n\n\n\n<p><strong>Sergej G\u00f6\u00dfner<\/strong> (Photo: Magdalena H\u00f6fner)<\/p>\n<\/div>\n\n\n\n<div class=\"wp-block-group is-vertical is-layout-flex wp-container-core-group-is-layout-fe9cc265 wp-block-group-is-layout-flex\">\n<figure class=\"wp-block-image size-full\"><img loading=\"lazy\" decoding=\"async\" width=\"960\" height=\"720\" src=\"https:\/\/www.jes-stuttgart.de\/wp-content\/uploads\/jugendtheaterpreis-2026-leah-luna-winzely-1-edited.jpg\" alt=\"\" class=\"wp-image-34570\" srcset=\"https:\/\/www.jes-stuttgart.de\/wp-content\/uploads\/jugendtheaterpreis-2026-leah-luna-winzely-1-edited.jpg 960w, https:\/\/www.jes-stuttgart.de\/wp-content\/uploads\/jugendtheaterpreis-2026-leah-luna-winzely-1-edited-200x150.jpg 200w, https:\/\/www.jes-stuttgart.de\/wp-content\/uploads\/jugendtheaterpreis-2026-leah-luna-winzely-1-edited-768x576.jpg 768w, https:\/\/www.jes-stuttgart.de\/wp-content\/uploads\/jugendtheaterpreis-2026-leah-luna-winzely-1-edited-640x480.jpg 640w, https:\/\/www.jes-stuttgart.de\/wp-content\/uploads\/jugendtheaterpreis-2026-leah-luna-winzely-1-edited-320x240.jpg 320w\" sizes=\"auto, (max-width: 960px) 100vw, 960px\" \/><\/figure>\n\n\n\n<p><strong>Leah Luna Winzely <\/strong><\/p>\n<\/div>\n<\/div>\n<\/div>\n\n\n\n<div class=\"wp-block-group is-vertical is-nowrap is-layout-flex wp-container-core-group-is-layout-6fe931d8 wp-block-group-is-layout-flex wp-container-1 is-position-sticky\">\n<p class=\"has-medium-font-size\"><strong>Main Prize (\u20ac15.000)<\/strong><br><em>Sergej G\u00f6\u00dfner:\u201eich sehe was \/ was du nicht siehst\u201c<\/em><br><br>Witth this play, Sergej G\u00f6\u00dfner invites us to remember: a house party, spin the bottle, the first kiss\u2014perhaps more? But what if the memory isn\u2019t carefree, but rather akin to a borderline experience? In sensitive, almost poetic tones, we navigate between remembering, guessing, and (wanting to) forget. G\u00f6\u00dfner sketches multifaceted perspectives on sexualized violence among young people, abuse of power, insecurity, shame, and the difficulty of setting boundaries &#8211; and finding the right words, above all, to be taken seriously.<br><\/p>\n\n\n\n<p class=\"has-medium-font-size\"><strong>Sponsorship Prize (\u20ac5.000)<\/strong><br><em>Leah Luna Winzely:<br>\u201eDer Wassermann\u201c <\/em><br><br>The play opens up a world where longing, in all its forms, is given space to breathe. For Lasse firmly believes that his dad isn\u2019t with him and his mom simply because he\u2019s an Aquarius. But his classmates laugh at him for it. Fortunately, there\u2019s Ju, who doesn\u2019t leave Lasse alone. With rich, effervescent language, Leah Luna Winzely draws us into a torrent of emotions and portrays a loving friendship. that offers room for new, personal ways of coping with loss.<br><\/p>\n\n\n\n<p class=\"has-medium-font-size\"><strong>Scholarship (\u20ac7.500 )<\/strong><br><em>Kai Bosch and Junges Ensemble Stuttgart: \u201e10 von 10\u201c<\/em><br><br>The play \u201c10 von 10,\u201d aimed at 10- to 13-year-olds, is intended to explore the everyday realities of young people with disabilities\u2014not from a deficit perspective, but with humor. The development and implementation of the idea is planned as a close collaboration between the JES and young Stuttgart comedian Kai Bosch, who was born with tetraplegia and stuttering. A mixed-ability cast is also planned for the stage.<br><\/p>\n<\/div>\n<\/div>\n\n\n\n<p class=\"has-medium-font-size\"><strong>Longlist:<\/strong><br>Lili Roesing: &#8220;R\u00fcckenschwimmen&#8221;<br>Regina D\u00fcrig: &#8220;Neue K\u00f6rper am Ende der Welt&#8221;<br>Jara Nassar: &#8220;Zweihundert Grad Kalt&#8221;<br><br><br><\/p>\n<\/div><\/div>\n\n\n\n<div style=\"height:322px\" aria-hidden=\"true\" class=\"wp-block-spacer\"><\/div>\n<\/div><\/div>\n","protected":false},"excerpt":{"rendered":"","protected":false},"author":13,"featured_media":0,"parent":33139,"menu_order":10,"comment_status":"closed","ping_status":"closed","template":"","meta":{"_acf_changed":false,"inline_featured_image":false,"footnotes":""},"class_list":["post-32758","page","type-page","status-publish","hentry"],"acf":false,"_links":{"self":[{"href":"https:\/\/www.jes-stuttgart.de\/en\/wp-json\/wp\/v2\/pages\/32758","targetHints":{"allow":["GET"]}}],"collection":[{"href":"https:\/\/www.jes-stuttgart.de\/en\/wp-json\/wp\/v2\/pages"}],"about":[{"href":"https:\/\/www.jes-stuttgart.de\/en\/wp-json\/wp\/v2\/types\/page"}],"author":[{"embeddable":true,"href":"https:\/\/www.jes-stuttgart.de\/en\/wp-json\/wp\/v2\/users\/13"}],"replies":[{"embeddable":true,"href":"https:\/\/www.jes-stuttgart.de\/en\/wp-json\/wp\/v2\/comments?post=32758"}],"version-history":[{"count":17,"href":"https:\/\/www.jes-stuttgart.de\/en\/wp-json\/wp\/v2\/pages\/32758\/revisions"}],"predecessor-version":[{"id":34893,"href":"https:\/\/www.jes-stuttgart.de\/en\/wp-json\/wp\/v2\/pages\/32758\/revisions\/34893"}],"up":[{"embeddable":true,"href":"https:\/\/www.jes-stuttgart.de\/en\/wp-json\/wp\/v2\/pages\/33139"}],"wp:attachment":[{"href":"https:\/\/www.jes-stuttgart.de\/en\/wp-json\/wp\/v2\/media?parent=32758"}],"curies":[{"name":"wp","href":"https:\/\/api.w.org\/{rel}","templated":true}]}}