{"id":32760,"date":"2026-02-12T10:22:02","date_gmt":"2026-02-12T09:22:02","guid":{"rendered":"https:\/\/www.jes-stuttgart.de\/schone-aussicht-festival-2026\/jugendbeiratstreffen\/"},"modified":"2026-04-16T16:49:39","modified_gmt":"2026-04-16T14:49:39","slug":"jugendbeiratstreffen","status":"publish","type":"page","link":"https:\/\/www.jes-stuttgart.de\/en\/schone-aussicht-festival-2026\/jugendbeiratstreffen\/","title":{"rendered":"Jugendbeiratstreffen"},"content":{"rendered":"\n<div class=\"wp-block-cover is-light\"><img loading=\"lazy\" decoding=\"async\" width=\"320\" height=\"1280\" class=\"wp-block-cover__image-background wp-image-33148 size-full\" alt=\"\" src=\"https:\/\/www.jes-stuttgart.de\/wp-content\/uploads\/260305-schoeneaussicht-mobile-hintergrund-320x1280-1.png\" data-object-fit=\"cover\" srcset=\"https:\/\/www.jes-stuttgart.de\/wp-content\/uploads\/260305-schoeneaussicht-mobile-hintergrund-320x1280-1.png 320w, https:\/\/www.jes-stuttgart.de\/wp-content\/uploads\/260305-schoeneaussicht-mobile-hintergrund-320x1280-1-50x200.png 50w\" sizes=\"auto, (max-width: 320px) 100vw, 320px\" \/><span aria-hidden=\"true\" class=\"wp-block-cover__background has-background-dim-0 has-background-dim\" style=\"background-color:#FFF\"><\/span><div class=\"wp-block-cover__inner-container is-layout-constrained wp-block-cover-is-layout-constrained\">\n<div class=\"wp-block-cover is-light\"><span aria-hidden=\"true\" class=\"wp-block-cover__background has-white-background-color has-background-dim-40 has-background-dim\"><\/span><div class=\"wp-block-cover__inner-container is-layout-constrained wp-block-cover-is-layout-constrained\">\n<h2 class=\"wp-block-heading has-text-align-left has-x-large-font-size\">Jugendbeiratstreffen<\/h2>\n\n\n\n<div style=\"height:20px\" aria-hidden=\"true\" class=\"wp-block-spacer\"><\/div>\n\n\n\n<p class=\"has-text-align-left has-medium-font-size\"><strong>Treffen mit Aussicht 2026<\/strong><\/p>\n\n\n\n<p class=\"has-text-align-left has-medium-font-size\">Auf einem Festival f\u00fcr junges Publikum darf die Perspektiver junger Menschen nicht fehlen! Deshalb kommen aus unterschiedlichen Baden-W\u00fcrttembergischen Theatern gleich zu Anfang der SCH\u00d6NEN AUSSICHT 40 junge Menschen zusammen. Sie besuchen Festivalst\u00fccke, diskutieren, spielen, sammeln Erlebnisse, tauschen sich aus, spiegeln ihre Sicht auf Theater zur\u00fcck und blicken gemeinsam in die Zukunft: Wohin soll die Reise des Theaters f\u00fcr junges Publikum gehen? Wer soll Entscheidungen treffen und auf welche Weise? Und wo wollen junge Menschen noch mehr mitmischen?<\/p>\n<\/div><\/div>\n<\/div><\/div>\n\n\n\n<p><\/p>\n","protected":false},"excerpt":{"rendered":"","protected":false},"author":13,"featured_media":0,"parent":33139,"menu_order":7,"comment_status":"closed","ping_status":"closed","template":"","meta":{"_acf_changed":false,"inline_featured_image":false,"footnotes":""},"class_list":["post-32760","page","type-page","status-publish","hentry"],"acf":false,"_links":{"self":[{"href":"https:\/\/www.jes-stuttgart.de\/en\/wp-json\/wp\/v2\/pages\/32760","targetHints":{"allow":["GET"]}}],"collection":[{"href":"https:\/\/www.jes-stuttgart.de\/en\/wp-json\/wp\/v2\/pages"}],"about":[{"href":"https:\/\/www.jes-stuttgart.de\/en\/wp-json\/wp\/v2\/types\/page"}],"author":[{"embeddable":true,"href":"https:\/\/www.jes-stuttgart.de\/en\/wp-json\/wp\/v2\/users\/13"}],"replies":[{"embeddable":true,"href":"https:\/\/www.jes-stuttgart.de\/en\/wp-json\/wp\/v2\/comments?post=32760"}],"version-history":[{"count":9,"href":"https:\/\/www.jes-stuttgart.de\/en\/wp-json\/wp\/v2\/pages\/32760\/revisions"}],"predecessor-version":[{"id":34957,"href":"https:\/\/www.jes-stuttgart.de\/en\/wp-json\/wp\/v2\/pages\/32760\/revisions\/34957"}],"up":[{"embeddable":true,"href":"https:\/\/www.jes-stuttgart.de\/en\/wp-json\/wp\/v2\/pages\/33139"}],"wp:attachment":[{"href":"https:\/\/www.jes-stuttgart.de\/en\/wp-json\/wp\/v2\/media?parent=32760"}],"curies":[{"name":"wp","href":"https:\/\/api.w.org\/{rel}","templated":true}]}}